{"id":1820,"date":"2025-01-19T18:44:19","date_gmt":"2025-01-19T17:44:19","guid":{"rendered":"https:\/\/bubbleoncircus.com\/le-chariot-des-merveilles\/"},"modified":"2025-01-19T18:44:19","modified_gmt":"2025-01-19T17:44:19","slug":"le-chariot-des-merveilles","status":"publish","type":"page","link":"https:\/\/bubbleoncircus.com\/fr\/le-chariot-des-merveilles\/","title":{"rendered":"Le Chariot des Merveilles"},"content":{"rendered":"[vc_row full_width=\u00a0\u00bbstretch_row\u00a0\u00bb curly_bg_repeat=\u00a0\u00bbbg-no-repeat\u00a0\u00bb curly_bg_position=\u00a0\u00bbbg-pos-center-bottom\u00a0\u00bb curly_bg_parallax=\u00a0\u00bbtrue\u00a0\u00bb css=\u00a0\u00bb.vc_custom_1562772234047{padding-top: 12rem !important;background-image: url(http:\/\/bubbleoncircus.com\/wp-content\/uploads\/2017\/06\/lightinthetheater.jpeg-copy.jpg?id=93) !important;background-position: center !important;background-repeat: no-repeat !important;background-size: cover !important;}\u00a0\u00bb][vc_column width=\u00a0\u00bb5\/12&Prime;][vc_column_text]\n<h1 class=\"display-1 special-title\">Le Chariot des Merveilles<\/h1>\n<div dir=\"auto\">\n<div dir=\"auto\">\n<p>Un voyage po\u00e9tique dans le monde splendide des r\u00eaves, o\u00f9 nous verrons des bulles de savon g\u00e9antes, de la fum\u00e9e, des bulles volantes et d&rsquo;autres effets magiques.<\/p>\n<p>Un chariot accrocheur qui nous transportera tous, des enfants aux personnes \u00e2g\u00e9es, dans un contexte o\u00f9 les bulles de savon arr\u00eatent le temps, une beaut\u00e9 \u00e9ph\u00e9m\u00e8re qui restera longtemps grav\u00e9e dans vos m\u00e9moires.<\/p>\n<p>Spectacle de d\u00e9ambulation avec bulle de savon propos\u00e9 par la compagnie Bubble On Circus.<\/p>\n<\/div>\n<\/div>\n[\/vc_column_text][\/vc_column][vc_column width=\u00a0\u00bb1\/2&Prime; curly_bg_position=\u00a0\u00bbbg-pos-center-center\u00a0\u00bb offset=\u00a0\u00bbvc_col-sm-offset-1 vc_col-xs-12&Prime;]<div class='xtd-carousel-mini__container  '><div class='xtd-carousel-mini'><div class='owl-carousel' data-autoplay='true' data-timeout='5000' data-hover='true' data-loop='true' data-dots='true'>[vc_single_image image=\u00a0\u00bb1556&Prime; img_size=\u00a0\u00bbfull\u00a0\u00bb style=\u00a0\u00bbxtd-shadow&#8211;normal-hard\u00a0\u00bb css=\u00a0\u00bb.vc_custom_1679592634374{margin-right: 4rem !important;}\u00a0\u00bb][vc_single_image image=\u00a0\u00bb1564&Prime; img_size=\u00a0\u00bbfull\u00a0\u00bb style=\u00a0\u00bbxtd-shadow&#8211;normal-hard\u00a0\u00bb css=\u00a0\u00bb.vc_custom_1679592651534{margin-right: 4rem !important;}\u00a0\u00bb][vc_single_image image=\u00a0\u00bb1566&Prime; img_size=\u00a0\u00bbfull\u00a0\u00bb style=\u00a0\u00bbxtd-shadow&#8211;normal-hard\u00a0\u00bb css=\u00a0\u00bb.vc_custom_1679592670056{margin-right: 4rem !important;}\u00a0\u00bb][vc_single_image image=\u00a0\u00bb1562&Prime; img_size=\u00a0\u00bbfull\u00a0\u00bb style=\u00a0\u00bbxtd-shadow&#8211;normal-hard\u00a0\u00bb css=\u00a0\u00bb.vc_custom_1679592684734{margin-right: 4rem !important;}\u00a0\u00bb][vc_single_image image=\u00a0\u00bb1574&Prime; img_size=\u00a0\u00bbfull\u00a0\u00bb style=\u00a0\u00bbxtd-shadow&#8211;normal-hard\u00a0\u00bb css=\u00a0\u00bb.vc_custom_1679592700368{margin-right: 4rem !important;}\u00a0\u00bb][vc_single_image image=\u00a0\u00bb1568&Prime; img_size=\u00a0\u00bbfull\u00a0\u00bb style=\u00a0\u00bbxtd-shadow&#8211;normal-hard\u00a0\u00bb css=\u00a0\u00bb.vc_custom_1679592713664{margin-right: 4rem !important;}\u00a0\u00bb][vc_single_image image=\u00a0\u00bb1570&Prime; img_size=\u00a0\u00bbfull\u00a0\u00bb style=\u00a0\u00bbxtd-shadow&#8211;normal-hard\u00a0\u00bb][vc_single_image image=\u00a0\u00bb1572&Prime; img_size=\u00a0\u00bbfull\u00a0\u00bb style=\u00a0\u00bbxtd-shadow&#8211;normal-hard\u00a0\u00bb css=\u00a0\u00bb.vc_custom_1679592741984{margin-right: 4rem !important;}\u00a0\u00bb][vc_single_image image=\u00a0\u00bb1560&Prime; img_size=\u00a0\u00bbfull\u00a0\u00bb style=\u00a0\u00bbxtd-shadow&#8211;normal-hard\u00a0\u00bb css=\u00a0\u00bb.vc_custom_1679592757518{margin-right: 4rem !important;}\u00a0\u00bb]<\/div><\/div><\/div>[\/vc_column][\/vc_row][vc_row][vc_column width=\u00a0\u00bb1\/3&Prime;][vc_column_text]\n<h2>Le spectacle<\/h2>\n<h4><\/h4>\n[\/vc_column_text][vc_separator][\/vc_column][vc_column width=\u00a0\u00bb1\/3&Prime;][vc_column_text]\n<h4>Public<\/h4>\n<p>Spectacle gestuel pour tout public[\/vc_column_text][vc_column_text]\n<h4>Tourn\u00e9e<\/h4>\n<p>Le spectacle a \u00e9t\u00e9 cr\u00e9\u00e9 en 2022[\/vc_column_text][\/vc_column][vc_column width=\u00a0\u00bb1\/3&Prime;][vc_column_text]\n<h4>Dur\u00e9e<\/h4>\n<p>A d\u00e9finir en fonction des besoins de l&rsquo;\u00e9v\u00e9nement.[\/vc_column_text][vc_column_text]\n<h4>Lieux<\/h4>\n<p>Con\u00e7u pour se d\u00e9rouler dans la rue.[\/vc_column_text][\/vc_column][\/vc_row][vc_row][vc_column][vc_single_image image=\u00a0\u00bb1632&Prime; img_size=\u00a0\u00bbfull\u00a0\u00bb style=\u00a0\u00bbxtd-shadow&#8211;normal-hard\u00a0\u00bb onclick=\u00a0\u00bbvideo_link\u00a0\u00bb css_animation=\u00a0\u00bbfadeIn\u00a0\u00bb link=\u00a0\u00bbhttps:\/\/vimeo.com\/773755173&Prime;][vc_empty_space][\/vc_column][\/vc_row]\n","protected":false},"excerpt":{"rendered":"<p>[vc_row full_width=\u00a0\u00bbstretch_row\u00a0\u00bb curly_bg_repeat=\u00a0\u00bbbg-no-repeat\u00a0\u00bb curly_bg_position=\u00a0\u00bbbg-pos-center-bottom\u00a0\u00bb curly_bg_parallax=\u00a0\u00bbtrue\u00a0\u00bb css=\u00a0\u00bb.vc_custom_1562772234047{padding-top: 12rem !important;background-image: url(http:\/\/bubbleoncircus.com\/wp-content\/uploads\/2017\/06\/lightinthetheater.jpeg-copy.jpg?id=93) !important;background-position: center !important;background-repeat: no-repeat !important;background-size: cover !important;}\u00a0\u00bb][vc_column width=\u00a0\u00bb5\/12&Prime;][vc_column_text] Le Chariot des Merveilles Un voyage po\u00e9tique dans le monde splendide des r\u00eaves, o\u00f9 nous verrons des bulles de savon g\u00e9antes, de la fum\u00e9e, des bulles volantes et d&rsquo;autres effets magiques. Un chariot accrocheur qui nous transportera tous, des enfants aux personnes \u00e2g\u00e9es, [&hellip;]<\/p>\n","protected":false},"author":1,"featured_media":0,"parent":0,"menu_order":0,"comment_status":"closed","ping_status":"closed","template":"","meta":{"inline_featured_image":false,"footnotes":""},"_links":{"self":[{"href":"https:\/\/bubbleoncircus.com\/fr\/wp-json\/wp\/v2\/pages\/1820"}],"collection":[{"href":"https:\/\/bubbleoncircus.com\/fr\/wp-json\/wp\/v2\/pages"}],"about":[{"href":"https:\/\/bubbleoncircus.com\/fr\/wp-json\/wp\/v2\/types\/page"}],"author":[{"embeddable":true,"href":"https:\/\/bubbleoncircus.com\/fr\/wp-json\/wp\/v2\/users\/1"}],"replies":[{"embeddable":true,"href":"https:\/\/bubbleoncircus.com\/fr\/wp-json\/wp\/v2\/comments?post=1820"}],"version-history":[{"count":2,"href":"https:\/\/bubbleoncircus.com\/fr\/wp-json\/wp\/v2\/pages\/1820\/revisions"}],"predecessor-version":[{"id":1831,"href":"https:\/\/bubbleoncircus.com\/fr\/wp-json\/wp\/v2\/pages\/1820\/revisions\/1831"}],"wp:attachment":[{"href":"https:\/\/bubbleoncircus.com\/fr\/wp-json\/wp\/v2\/media?parent=1820"}],"curies":[{"name":"wp","href":"https:\/\/api.w.org\/{rel}","templated":true}]}}