{"id":1765,"date":"2025-01-19T14:13:09","date_gmt":"2025-01-19T13:13:09","guid":{"rendered":"https:\/\/bubbleoncircus.com\/la-vie-est-bulle\/"},"modified":"2025-01-19T14:13:10","modified_gmt":"2025-01-19T13:13:10","slug":"la-vie-est-bulle","status":"publish","type":"page","link":"https:\/\/bubbleoncircus.com\/fr\/la-vie-est-bulle\/","title":{"rendered":"La vie est bulle"},"content":{"rendered":"[vc_row full_width=\u00a0\u00bbstretch_row\u00a0\u00bb curly_bg_repeat=\u00a0\u00bbbg-no-repeat\u00a0\u00bb curly_bg_position=\u00a0\u00bbbg-pos-center-bottom\u00a0\u00bb curly_bg_parallax=\u00a0\u00bbtrue\u00a0\u00bb css=\u00a0\u00bb.vc_custom_1562772234047{padding-top: 12rem !important;background-image: url(http:\/\/bubbleoncircus.com\/wp-content\/uploads\/2017\/06\/lightinthetheater.jpeg-copy.jpg?id=93) !important;background-position: center !important;background-repeat: no-repeat !important;background-size: cover !important;}\u00a0\u00bb][vc_column width=\u00a0\u00bb5\/12&Prime;][vc_column_text]\n<h1 class=\"display-1 special-title\">La vie est bulle<\/h1>\n<div dir=\"auto\">\n<p>C&rsquo;est un hymne \u00e0 la vie, la vie vue comme une bulle de savon, fragile et merveilleuse.<\/p>\n<p>Spectacle de th\u00e9\u00e2tre gestuel, de bulles de savon, de magie et de marionnettes qui nous transportera tous, des enfants aux personnes \u00e2g\u00e9es, dans un monde hors du temps.<\/p>\n<\/div>\n[\/vc_column_text][\/vc_column][vc_column width=\u00a0\u00bb1\/2&Prime; curly_bg_position=\u00a0\u00bbbg-pos-center-center\u00a0\u00bb offset=\u00a0\u00bbvc_col-sm-offset-1 vc_col-xs-12&Prime;]<div class='xtd-carousel-mini__container  '><div class='xtd-carousel-mini'><div class='owl-carousel' data-autoplay='true' data-timeout='5000' data-hover='true' data-loop='true' data-dots='true'>[vc_single_image image=\u00a0\u00bb1413&Prime; img_size=\u00a0\u00bbfull\u00a0\u00bb style=\u00a0\u00bbxtd-shadow&#8211;normal-hard\u00a0\u00bb css=\u00a0\u00bb.vc_custom_1610655872279{margin-right: 4rem !important;}\u00a0\u00bb][vc_single_image image=\u00a0\u00bb1401&Prime; img_size=\u00a0\u00bbfull\u00a0\u00bb style=\u00a0\u00bbxtd-shadow&#8211;normal-hard\u00a0\u00bb css=\u00a0\u00bb.vc_custom_1610655730393{margin-right: 4rem !important;}\u00a0\u00bb][vc_single_image image=\u00a0\u00bb1403&Prime; img_size=\u00a0\u00bbfull\u00a0\u00bb style=\u00a0\u00bbxtd-shadow&#8211;normal-hard\u00a0\u00bb css=\u00a0\u00bb.vc_custom_1610655749654{margin-right: 4rem !important;}\u00a0\u00bb][vc_single_image image=\u00a0\u00bb1407&Prime; img_size=\u00a0\u00bbfull\u00a0\u00bb style=\u00a0\u00bbxtd-shadow&#8211;normal-hard\u00a0\u00bb css=\u00a0\u00bb.vc_custom_1610655772055{margin-right: 4rem !important;}\u00a0\u00bb][vc_single_image image=\u00a0\u00bb1399&Prime; img_size=\u00a0\u00bbfull\u00a0\u00bb style=\u00a0\u00bbxtd-shadow&#8211;normal-hard\u00a0\u00bb css=\u00a0\u00bb.vc_custom_1610655784880{margin-right: 4rem !important;}\u00a0\u00bb][vc_single_image image=\u00a0\u00bb1411&Prime; img_size=\u00a0\u00bbfull\u00a0\u00bb style=\u00a0\u00bbxtd-shadow&#8211;normal-hard\u00a0\u00bb css=\u00a0\u00bb.vc_custom_1610655801403{margin-right: 4rem !important;}\u00a0\u00bb][vc_single_image image=\u00a0\u00bb1397&Prime; img_size=\u00a0\u00bbfull\u00a0\u00bb style=\u00a0\u00bbxtd-shadow&#8211;normal-hard\u00a0\u00bb][vc_single_image image=\u00a0\u00bb1409&Prime; img_size=\u00a0\u00bbfull\u00a0\u00bb style=\u00a0\u00bbxtd-shadow&#8211;normal-hard\u00a0\u00bb css=\u00a0\u00bb.vc_custom_1610655859065{margin-right: 4rem !important;}\u00a0\u00bb]<\/div><\/div><\/div>[\/vc_column][vc_column width=\u00a0\u00bb1\/3&Prime;][vc_column_text]\n<h2>Le spectacle<\/h2>\n<h4><\/h4>\n[\/vc_column_text][\/vc_column][vc_column width=\u00a0\u00bb1\/3&Prime;][vc_column_text]\n<h4>Pubblique<\/h4>\n<p>Spectacle sans voix pour tout type de public, sans limite d&rsquo;\u00e2ge. Convient \u00e0 toute la famille ![\/vc_column_text][vc_column_text]\n<h4>Tourn\u00e9e<\/h4>\n<p>Nouveaut\u00e9!! Le spectacle a \u00e9t\u00e9 cr\u00e9\u00e9 en 2020[\/vc_column_text][\/vc_column][vc_column width=\u00a0\u00bb1\/3&Prime;][vc_column_text]\n<h4>Dur\u00e9e<\/h4>\n<p>50 minutes de bulles de savon g\u00e9antes, de rires, de magie, de marionnettes et de po\u00e9sie [\/vc_column_text][vc_column_text]\n<h4>Lieux<\/h4>\n<p>Elle peut \u00eatre r\u00e9alis\u00e9e aussi bien \u00e0 l&rsquo;ext\u00e9rieur qu&rsquo;\u00e0 l&rsquo;int\u00e9rieur[\/vc_column_text][\/vc_column][vc_column][vc_separator color=\u00a0\u00bbcustom\u00a0\u00bb accent_color=\u00a0\u00bbrgba(255,255,255,0.13)\u00a0\u00bb][\/vc_column][\/vc_row][vc_row full_width=\u00a0\u00bbstretch_row\u00a0\u00bb content_placement=\u00a0\u00bbmiddle\u00a0\u00bb curly_bg_position=\u00a0\u00bbbg-pos-center-center\u00a0\u00bb curly_padding=\u00a0\u00bbcontent-padding-xs\u00a0\u00bb css=\u00a0\u00bb.vc_custom_1566912004718{background-color: #1a1919 !important;background-position: center !important;background-repeat: no-repeat !important;background-size: contain !important;}\u00a0\u00bb][vc_column][vc_single_image image=\u00a0\u00bb1417&Prime; img_size=\u00a0\u00bbfull\u00a0\u00bb style=\u00a0\u00bbxtd-shadow&#8211;normal-hard\u00a0\u00bb onclick=\u00a0\u00bbvideo_link\u00a0\u00bb css_animation=\u00a0\u00bbfadeIn\u00a0\u00bb link=\u00a0\u00bbhttps:\/\/vimeo.com\/491871191&Prime;][\/vc_column][\/vc_row]\n","protected":false},"excerpt":{"rendered":"<p>[vc_row full_width=\u00a0\u00bbstretch_row\u00a0\u00bb curly_bg_repeat=\u00a0\u00bbbg-no-repeat\u00a0\u00bb curly_bg_position=\u00a0\u00bbbg-pos-center-bottom\u00a0\u00bb curly_bg_parallax=\u00a0\u00bbtrue\u00a0\u00bb css=\u00a0\u00bb.vc_custom_1562772234047{padding-top: 12rem !important;background-image: url(http:\/\/bubbleoncircus.com\/wp-content\/uploads\/2017\/06\/lightinthetheater.jpeg-copy.jpg?id=93) !important;background-position: center !important;background-repeat: no-repeat !important;background-size: cover !important;}\u00a0\u00bb][vc_column width=\u00a0\u00bb5\/12&Prime;][vc_column_text] La vie est bulle C&rsquo;est un hymne \u00e0 la vie, la vie vue comme une bulle de savon, fragile et merveilleuse. Spectacle de th\u00e9\u00e2tre gestuel, de bulles de savon, de magie et de marionnettes qui nous transportera tous, des enfants aux personnes \u00e2g\u00e9es, [&hellip;]<\/p>\n","protected":false},"author":1,"featured_media":0,"parent":0,"menu_order":0,"comment_status":"closed","ping_status":"closed","template":"","meta":{"inline_featured_image":false,"footnotes":""},"_links":{"self":[{"href":"https:\/\/bubbleoncircus.com\/fr\/wp-json\/wp\/v2\/pages\/1765"}],"collection":[{"href":"https:\/\/bubbleoncircus.com\/fr\/wp-json\/wp\/v2\/pages"}],"about":[{"href":"https:\/\/bubbleoncircus.com\/fr\/wp-json\/wp\/v2\/types\/page"}],"author":[{"embeddable":true,"href":"https:\/\/bubbleoncircus.com\/fr\/wp-json\/wp\/v2\/users\/1"}],"replies":[{"embeddable":true,"href":"https:\/\/bubbleoncircus.com\/fr\/wp-json\/wp\/v2\/comments?post=1765"}],"version-history":[{"count":2,"href":"https:\/\/bubbleoncircus.com\/fr\/wp-json\/wp\/v2\/pages\/1765\/revisions"}],"predecessor-version":[{"id":1768,"href":"https:\/\/bubbleoncircus.com\/fr\/wp-json\/wp\/v2\/pages\/1765\/revisions\/1768"}],"wp:attachment":[{"href":"https:\/\/bubbleoncircus.com\/fr\/wp-json\/wp\/v2\/media?parent=1765"}],"curies":[{"name":"wp","href":"https:\/\/api.w.org\/{rel}","templated":true}]}}