{"id":1815,"date":"2025-01-19T17:16:59","date_gmt":"2025-01-19T16:16:59","guid":{"rendered":"https:\/\/bubbleoncircus.com\/contacts\/"},"modified":"2025-01-19T17:16:59","modified_gmt":"2025-01-19T16:16:59","slug":"contacts","status":"publish","type":"page","link":"https:\/\/bubbleoncircus.com\/fr\/contacts\/","title":{"rendered":"Contacts"},"content":{"rendered":"[vc_row full_width=\u00a0\u00bbstretch_row\u00a0\u00bb curly_bg_repeat=\u00a0\u00bbbg-no-repeat\u00a0\u00bb curly_bg_position=\u00a0\u00bbbg-pos-center-center\u00a0\u00bb curly_bg_parallax=\u00a0\u00bbtrue\u00a0\u00bb css=\u00a0\u00bb.vc_custom_1570721648176{padding-top: 12rem !important;background-position: center !important;background-repeat: no-repeat !important;background-size: cover !important;}\u00a0\u00bb][vc_column][vc_column_text]\n<h1 class=\"special-title display-2 xtd-text-shadow--normal-hard\" style=\"text-align: center;\">Contactez nous<\/h1>\n<p>&nbsp;[\/vc_column_text][vc_empty_space height=\u00a0\u00bb\u00a0\u00bb el_class=\u00a0\u00bbxtd-spacer&#8211;lg\u00a0\u00bb][\/vc_column][vc_column width=\u00a0\u00bb1\/3&Prime;][vc_column_text]\n<h2>Informations et devis<\/h2>\n<h4><\/h4>\n<p>&nbsp;[\/vc_column_text][\/vc_column][vc_column width=\u00a0\u00bb1\/3&Prime;][vc_column_text]\n<h4>Contacts<\/h4>\n<p>EMAIL: <a href=\"mailto:bubbleoncircus@gmail.com\">bubbleoncircus@gmail.com<\/a><\/p>\n<p>FACEBOOK \/ <a href=\"http:\/\/www.facebook.com\/bubbleoncircus\">www.facebook.com\/bubbleoncircus<\/a>[\/vc_column_text][vc_empty_space height=\u00a0\u00bb20px\u00a0\u00bb][\/vc_column][vc_column width=\u00a0\u00bb1\/3&Prime;][vc_column_text]\n<h4>Horaires de bureau<\/h4>\n<p>Du lundi au vendredi \/ 10h-20h<\/p>\n<p>Sabato e Domenica\u00a0\/ Chiuso[\/vc_column_text][\/vc_column][vc_column][vc_separator color=\u00a0\u00bbcustom\u00a0\u00bb accent_color=\u00a0\u00bbrgba(255,255,255,0.13)\u00a0\u00bb][\/vc_column][vc_column width=\u00a0\u00bb1\/3&Prime;][vc_column_text]\n<h2>Parlez-nous<\/h2>\n<p>&nbsp;[\/vc_column_text][\/vc_column][vc_column width=\u00a0\u00bb1\/3&Prime;][vc_column_text]\n<h4>Egle Sciarappa<\/h4>\n<p>(+39) 391 453 2369[\/vc_column_text][\/vc_column][vc_column width=\u00a0\u00bb1\/3&Prime;][vc_column_text]\n<h4>Mariano Guz<\/h4>\n<p>(+39) 380 366 7678<\/p>\n<h4><\/h4>\n[\/vc_column_text][\/vc_column][vc_column][vc_empty_space height=\u00a0\u00bb\u00a0\u00bb el_class=\u00a0\u00bbxtd-spacer\u00a0\u00bb][vc_separator color=\u00a0\u00bbcustom\u00a0\u00bb accent_color=\u00a0\u00bbrgba(255,255,255,0.13)\u00a0\u00bb][vc_row_inner][vc_column_inner width=\u00a0\u00bb1\/3&Prime;][vc_column_text]\n<h2>O\u00f9 sommes-nous?<\/h2>\n<p>&nbsp;[\/vc_column_text][\/vc_column_inner][vc_column_inner width=\u00a0\u00bb1\/3&Prime;][vc_column_text]\n<h4>Sasso Marconi<\/h4>\n<p>Bologne<br \/>\nItalie[\/vc_column_text][\/vc_column_inner][vc_column_inner width=\u00a0\u00bb1\/3&Prime;][\/vc_column_inner][\/vc_row_inner][vc_empty_space height=\u00a0\u00bb\u00a0\u00bb el_class=\u00a0\u00bbxtd-spacer\u00a0\u00bb][vc_separator color=\u00a0\u00bbcustom\u00a0\u00bb accent_color=\u00a0\u00bbrgba(255,255,255,0.13)\u00a0\u00bb][\/vc_column][\/vc_row][vc_row curly_padding=\u00a0\u00bbcontent-padding-none\u00a0\u00bb css=\u00a0\u00bb.vc_custom_1570719820312{padding-bottom: 10% !important;}\u00a0\u00bb][vc_column][vc_column_text]\n<h4 style=\"text-align: center;\">\u00cates-vous un organisateur d&rsquo;\u00e9v\u00e9nements?<\/h4>\n<p style=\"text-align: center;\">Entrez votre e-mail ici pour \u00eatre toujours inform\u00e9 des spectacles et des actualit\u00e9s de Bubble on Circus.<\/p>\n<p>&nbsp;[\/vc_column_text][vc_raw_js]JTNDc2NyaXB0JTIwc3JjJTNEJTIyJTJGJTJGc3RhdGljLWxvZ2luLnNlbmRwdWxzZS5jb20lMkZhcHBzJTJGZmMzJTJGYnVpbGQlMkZsb2FkZXIuanMlMjIlMjBzcC1mb3JtLWlkJTNEJTIyYjEwOWVlMzI4YzI3NjcxNmI3MTNmZDlhMTdlYTdiY2RmMzQ5MDUwOGRjMzIzM2ViZWM2ZmEwODBlOTVmYTcyNyUyMiUzRSUzQyUyRnNjcmlwdCUzRQ==[\/vc_raw_js][\/vc_column][\/vc_row]&nbsp;<\/p>\n","protected":false},"excerpt":{"rendered":"<p>[vc_row full_width=\u00a0\u00bbstretch_row\u00a0\u00bb curly_bg_repeat=\u00a0\u00bbbg-no-repeat\u00a0\u00bb curly_bg_position=\u00a0\u00bbbg-pos-center-center\u00a0\u00bb curly_bg_parallax=\u00a0\u00bbtrue\u00a0\u00bb css=\u00a0\u00bb.vc_custom_1570721648176{padding-top: 12rem !important;background-position: center !important;background-repeat: no-repeat !important;background-size: cover !important;}\u00a0\u00bb][vc_column][vc_column_text] Contactez nous &nbsp;[\/vc_column_text][vc_empty_space height=\u00a0\u00bb\u00a0\u00bb el_class=\u00a0\u00bbxtd-spacer&#8211;lg\u00a0\u00bb][\/vc_column][vc_column width=\u00a0\u00bb1\/3&Prime;][vc_column_text] Informations et devis &nbsp;[\/vc_column_text][\/vc_column][vc_column width=\u00a0\u00bb1\/3&Prime;][vc_column_text] Contacts EMAIL: bubbleoncircus@gmail.com FACEBOOK \/ www.facebook.com\/bubbleoncircus[\/vc_column_text][vc_empty_space height=\u00a0\u00bb20px\u00a0\u00bb][\/vc_column][vc_column width=\u00a0\u00bb1\/3&Prime;][vc_column_text] Horaires de bureau Du lundi au vendredi \/ 10h-20h Sabato e Domenica\u00a0\/ Chiuso[\/vc_column_text][\/vc_column][vc_column][vc_separator color=\u00a0\u00bbcustom\u00a0\u00bb accent_color=\u00a0\u00bbrgba(255,255,255,0.13)\u00a0\u00bb][\/vc_column][vc_column width=\u00a0\u00bb1\/3&Prime;][vc_column_text] Parlez-nous &nbsp;[\/vc_column_text][\/vc_column][vc_column width=\u00a0\u00bb1\/3&Prime;][vc_column_text] Egle Sciarappa (+39) 391 453 2369[\/vc_column_text][\/vc_column][vc_column width=\u00a0\u00bb1\/3&Prime;][vc_column_text] Mariano [&hellip;]<\/p>\n","protected":false},"author":1,"featured_media":0,"parent":0,"menu_order":0,"comment_status":"closed","ping_status":"closed","template":"","meta":{"inline_featured_image":false,"footnotes":""},"_links":{"self":[{"href":"https:\/\/bubbleoncircus.com\/fr\/wp-json\/wp\/v2\/pages\/1815"}],"collection":[{"href":"https:\/\/bubbleoncircus.com\/fr\/wp-json\/wp\/v2\/pages"}],"about":[{"href":"https:\/\/bubbleoncircus.com\/fr\/wp-json\/wp\/v2\/types\/page"}],"author":[{"embeddable":true,"href":"https:\/\/bubbleoncircus.com\/fr\/wp-json\/wp\/v2\/users\/1"}],"replies":[{"embeddable":true,"href":"https:\/\/bubbleoncircus.com\/fr\/wp-json\/wp\/v2\/comments?post=1815"}],"version-history":[{"count":2,"href":"https:\/\/bubbleoncircus.com\/fr\/wp-json\/wp\/v2\/pages\/1815\/revisions"}],"predecessor-version":[{"id":1817,"href":"https:\/\/bubbleoncircus.com\/fr\/wp-json\/wp\/v2\/pages\/1815\/revisions\/1817"}],"wp:attachment":[{"href":"https:\/\/bubbleoncircus.com\/fr\/wp-json\/wp\/v2\/media?parent=1815"}],"curies":[{"name":"wp","href":"https:\/\/api.w.org\/{rel}","templated":true}]}}