{"id":1794,"date":"2025-01-19T16:08:18","date_gmt":"2025-01-19T15:08:18","guid":{"rendered":"https:\/\/bubbleoncircus.com\/festivals\/"},"modified":"2025-01-19T19:00:15","modified_gmt":"2025-01-19T18:00:15","slug":"festivals","status":"publish","type":"page","link":"https:\/\/bubbleoncircus.com\/fr\/festivals\/","title":{"rendered":"Parcours"},"content":{"rendered":"[vc_row curly_padding=\u00a0\u00bbcontent-padding-lg\u00a0\u00bb][vc_column][vc_column_text]\n<h1 class=\"special-title display-1\" style=\"text-align: center;\">Parcours<\/h1>\n[\/vc_column_text][vc_empty_space height=\u00a0\u00bb\u00a0\u00bb el_class=\u00a0\u00bbxtd-spacer&#8211;lg\u00a0\u00bb][vc_row_inner][vc_column_inner][vc_column_text]Quelques festivals auxquels nous sommes all\u00e9s :[\/vc_column_text][vc_column_text]\n<table>\n<tbody>\n<tr>\n<td>KUULAS FESTIVAL<\/td>\n<td>FINLANDE<\/td>\n<\/tr>\n<tr>\n<td>FITS &#8211; SIBIU FESTIVAL<\/td>\n<td>ROUMANIE<\/td>\n<\/tr>\n<tr>\n<td>DAIDOGEI SHIZUOKA<\/td>\n<td>JAPON<\/td>\n<\/tr>\n<tr>\n<td>FESTIVAL DR\u00d4LES DE NO\u00cbLS<\/td>\n<td>FRANCE<\/td>\n<\/tr>\n<tr>\n<td>BUSAN INTERNATIONAL COMEDY FESTIVAL<\/td>\n<td>COR\u00c9E DU SUD<\/td>\n<\/tr>\n<tr>\n<td>OPEN FLAIR FESTIVAL<\/td>\n<td>ALLEMAGNE<\/td>\n<\/tr>\n<tr>\n<td>CIR&amp;CO FESTIVAL<\/td>\n<td>ESPAGNE<\/td>\n<\/tr>\n<tr>\n<td>SARNICO BUSKERS FESTIVAL<\/td>\n<td>ITALIE<\/td>\n<\/tr>\n<tr>\n<td>STREETANIMATION<\/td>\n<td>LUXEMBOURG<\/td>\n<\/tr>\n<tr>\n<td>SION FESTIVAL<\/td>\n<td>SUISSE<\/td>\n<\/tr>\n<tr>\n<td>SUMMMER STREET FESTIVAL<\/td>\n<td>THA\u00cfLANDE<\/td>\n<\/tr>\n<tr>\n<td>WOERDEN<\/td>\n<td>PAYS-BAS<\/td>\n<\/tr>\n<tr>\n<td>CITY OF WINGS, YPRES<\/td>\n<td>BELGIQUE<\/td>\n<\/tr>\n<tr>\n<td>CENTRAL PHUKET<\/td>\n<td>THA\u00cfLANDE<\/td>\n<\/tr>\n<tr>\n<td>BUBBLE DAZE<\/td>\n<td>PAYS DE GALLES<\/td>\n<\/tr>\n<tr>\n<td>OLALA FESTIVAL<\/td>\n<td>AUTRICHE<\/td>\n<\/tr>\n<tr>\n<td>OBIDOS VILLA NATAL<\/td>\n<td>PORTUGAL<\/td>\n<\/tr>\n<tr>\n<td>FESTIM\u00d4ME<\/td>\n<td>FRANCE<\/td>\n<\/tr>\n<tr>\n<td>BASCHERDEIS FESTIVAL<\/td>\n<td>ITALIE<\/td>\n<\/tr>\n<tr>\n<td>ONDERSTROOM FESTIVAL<\/td>\n<td>PAYS-BAS<\/td>\n<\/tr>\n<tr>\n<td>MUESTRA DE ARTES CALLEJERAS<\/td>\n<td>ESPAGNE<\/td>\n<\/tr>\n<tr>\n<td>OPEN FESTIVAL<\/td>\n<td>ITALIE<\/td>\n<\/tr>\n<tr>\n<td>INDIAN SPIRIT<\/td>\n<td>ALLEMAGNE<\/td>\n<\/tr>\n<tr>\n<td>THEATERFESTIVAL BUITENGEWOON<\/td>\n<td>PAYS-BAS<\/td>\n<\/tr>\n<tr>\n<td>FERRARA ESTATE BAMBINI<\/td>\n<td>ITALIE<\/td>\n<\/tr>\n<tr>\n<td>DUCKSTEIN FESTIVAL<\/td>\n<td>ALLEMAGNE<\/td>\n<\/tr>\n<tr>\n<td>ART NOVE<\/td>\n<td>ITALIE<\/td>\n<\/tr>\n<tr>\n<td>BURG ABENBERG OPEN AIR<\/td>\n<td>ALLEMAGNE<\/td>\n<\/tr>\n<tr>\n<td>LA LUNA NEL POZZO<\/td>\n<td>ITALIE<\/td>\n<\/tr>\n<tr>\n<td>CIRCAM<\/td>\n<td>ESPAGNE<\/td>\n<\/tr>\n<tr>\n<td>CUCU FESTIVAL<\/td>\n<td>ITALIE<\/td>\n<\/tr>\n<tr>\n<td>LENZBURGER GAUKLER &amp; KLEINKUNSTFESTIVAL<\/td>\n<td>SUISSE<\/td>\n<\/tr>\n<tr>\n<td>AGUILAR DE CAMPOO<\/td>\n<td>ESPAGNE<\/td>\n<\/tr>\n<tr>\n<td>GALLURA BUSKERS FESTIVAL<\/td>\n<td>ITALIE<\/td>\n<\/tr>\n<tr>\n<td>PFLASTERSPEKTAKEL<\/td>\n<td>AUTRICHE<\/td>\n<\/tr>\n<tr>\n<td>PULA BUSKERS FESTIVAL<\/td>\n<td>ITALIE<\/td>\n<\/tr>\n<tr>\n<td>AIR BEAT ONE FESTIVAL<\/td>\n<td>ALLEMAGNE<\/td>\n<\/tr>\n<tr>\n<td>ART AL CARRER FESTIVAL<\/td>\n<td>ESPAGNE<\/td>\n<\/tr>\n<tr>\n<td>BURNING BEACH FESTIVAL<\/td>\n<td>ALLEMAGNE<\/td>\n<\/tr>\n<tr>\n<td>FESTA ARTUSIANA<\/td>\n<td>ITALIE<\/td>\n<\/tr>\n<tr>\n<td>SUMMER FEST KORAT<\/td>\n<td>THA\u00cfLANDE<\/td>\n<\/tr>\n<tr>\n<td>WONDERLAND FESTIVAL<\/td>\n<td>ITALIE<\/td>\n<\/tr>\n<tr>\n<td>GAUKLERFEST<\/td>\n<td>ALLEMAGNE<\/td>\n<\/tr>\n<tr>\n<td>ASFALTART<\/td>\n<td>ITALIE<\/td>\n<\/tr>\n<tr>\n<td>LOVE FESTIVAL<\/td>\n<td>ITALIE<\/td>\n<\/tr>\n<tr>\n<td>FESTIVAL MUECA<\/td>\n<td>ESPAGNE<\/td>\n<\/tr>\n<tr>\n<td>PIAZZA GRANDE TOUR<\/td>\n<td>ITALIE<\/td>\n<\/tr>\n<tr>\n<td>SUMMER OF FUN<\/td>\n<td>THA\u00cfLANDE<\/td>\n<\/tr>\n<tr>\n<td>LA NOTTE DELLE STREGHE<\/td>\n<td>ITALIE<\/td>\n<\/tr>\n<tr>\n<td>CINEMA CIRCUS FESTIVAL<\/td>\n<td>AUTRICHE<\/td>\n<\/tr>\n<tr>\n<td>PINOCCHIO STREET FESTIVAL<\/td>\n<td>ITALIE<\/td>\n<\/tr>\n<\/tbody>\n<\/table>\n[\/vc_column_text][\/vc_column_inner][\/vc_row_inner][vc_empty_space height=\u00a0\u00bb\u00a0\u00bb el_class=\u00a0\u00bbxtd-spacer&#8211;sm\u00a0\u00bb][vc_row_inner][vc_column_inner width=\u00a0\u00bb5\/6&Prime; offset=\u00a0\u00bbvc_col-sm-offset-1&Prime;][vc_column_text]\nPour plus d\u2019informations sur les spectacles, contactez-nous !<br \/>\n[\/vc_column_text][vc_empty_space height=\u00a0\u00bb\u00a0\u00bb el_class=\u00a0\u00bbxtd-spacer&#8211;sm\u00a0\u00bb][vc_btn title=\u00a0\u00bbContactez-nous\u00a0\u00bb style=\u00a0\u00bbbtn-outline-primary\u00a0\u00bb size=\u00a0\u00bblg\u00a0\u00bb align=\u00a0\u00bbcenter\u00a0\u00bb i_align=\u00a0\u00bbright\u00a0\u00bb i_icon_fontawesome=\u00a0\u00bbfa fa-long-arrow-right\u00a0\u00bb add_icon=\u00a0\u00bbtrue\u00a0\u00bb link=\u00a0\u00bburl:https%3A%2F%2Fbubbleoncircus.com%2Fcontatti%2F|title:Contacts|\u00a0\u00bb][\/vc_column_inner][\/vc_row_inner][\/vc_column][\/vc_row]\n","protected":false},"excerpt":{"rendered":"<p>[vc_row curly_padding=\u00a0\u00bbcontent-padding-lg\u00a0\u00bb][vc_column][vc_column_text] Parcours [\/vc_column_text][vc_empty_space height=\u00a0\u00bb\u00a0\u00bb el_class=\u00a0\u00bbxtd-spacer&#8211;lg\u00a0\u00bb][vc_row_inner][vc_column_inner][vc_column_text]Quelques festivals auxquels nous sommes all\u00e9s :[\/vc_column_text][vc_column_text] KUULAS FESTIVAL FINLANDE FITS &#8211; SIBIU FESTIVAL ROUMANIE DAIDOGEI SHIZUOKA JAPON FESTIVAL DR\u00d4LES DE NO\u00cbLS FRANCE BUSAN INTERNATIONAL COMEDY FESTIVAL COR\u00c9E DU SUD OPEN FLAIR FESTIVAL ALLEMAGNE CIR&amp;CO FESTIVAL ESPAGNE SARNICO BUSKERS FESTIVAL ITALIE STREETANIMATION LUXEMBOURG SION FESTIVAL SUISSE SUMMMER STREET FESTIVAL THA\u00cfLANDE WOERDEN PAYS-BAS CITY OF WINGS, [&hellip;]<\/p>\n","protected":false},"author":1,"featured_media":0,"parent":0,"menu_order":0,"comment_status":"closed","ping_status":"closed","template":"","meta":{"inline_featured_image":false,"footnotes":""},"_links":{"self":[{"href":"https:\/\/bubbleoncircus.com\/fr\/wp-json\/wp\/v2\/pages\/1794"}],"collection":[{"href":"https:\/\/bubbleoncircus.com\/fr\/wp-json\/wp\/v2\/pages"}],"about":[{"href":"https:\/\/bubbleoncircus.com\/fr\/wp-json\/wp\/v2\/types\/page"}],"author":[{"embeddable":true,"href":"https:\/\/bubbleoncircus.com\/fr\/wp-json\/wp\/v2\/users\/1"}],"replies":[{"embeddable":true,"href":"https:\/\/bubbleoncircus.com\/fr\/wp-json\/wp\/v2\/comments?post=1794"}],"version-history":[{"count":5,"href":"https:\/\/bubbleoncircus.com\/fr\/wp-json\/wp\/v2\/pages\/1794\/revisions"}],"predecessor-version":[{"id":1846,"href":"https:\/\/bubbleoncircus.com\/fr\/wp-json\/wp\/v2\/pages\/1794\/revisions\/1846"}],"wp:attachment":[{"href":"https:\/\/bubbleoncircus.com\/fr\/wp-json\/wp\/v2\/media?parent=1794"}],"curies":[{"name":"wp","href":"https:\/\/api.w.org\/{rel}","templated":true}]}}