{"id":1776,"date":"2025-01-19T14:23:29","date_gmt":"2025-01-19T13:23:29","guid":{"rendered":"https:\/\/bubbleoncircus.com\/la-compagnie-de-theatre\/"},"modified":"2025-01-27T16:52:26","modified_gmt":"2025-01-27T15:52:26","slug":"la-compagnie-de-theatre","status":"publish","type":"page","link":"https:\/\/bubbleoncircus.com\/fr\/la-compagnie-de-theatre\/","title":{"rendered":"La compagnie de th\u00e9\u00e2tre"},"content":{"rendered":"[vc_row full_width=\u00a0\u00bbstretch_row\u00a0\u00bb curly_bg_repeat=\u00a0\u00bbbg-no-repeat\u00a0\u00bb curly_bg_position=\u00a0\u00bbbg-pos-center-bottom\u00a0\u00bb curly_padding=\u00a0\u00bbcontent-padding-xs\u00a0\u00bb css=\u00a0\u00bb.vc_custom_1602069172157{background-position: center !important;background-repeat: no-repeat !important;background-size: cover !important;}\u00a0\u00bb][vc_column width=\u00a0\u00bb1\/6&Prime;][\/vc_column][vc_column width=\u00a0\u00bb2\/3&Prime; offset=\u00a0\u00bbvc_hidden-xs\u00a0\u00bb][vc_empty_space height=\u00a0\u00bb50px\u00a0\u00bb][\/vc_column][vc_column width=\u00a0\u00bb1\/6&Prime;][\/vc_column][\/vc_row][vc_row full_width=\u00a0\u00bbstretch_row\u00a0\u00bb curly_bg_repeat=\u00a0\u00bbbg-no-repeat\u00a0\u00bb curly_bg_position=\u00a0\u00bbbg-pos-center-bottom\u00a0\u00bb curly_padding=\u00a0\u00bbcontent-padding-none\u00a0\u00bb css=\u00a0\u00bb.vc_custom_1602069123613{background-position: center !important;background-repeat: no-repeat !important;background-size: cover !important;}\u00a0\u00bb][vc_column width=\u00a0\u00bb1\/6&Prime;][\/vc_column][vc_column width=\u00a0\u00bb2\/3&Prime;][vc_video link=\u00a0\u00bbhttps:\/\/vimeo.com\/465434829&Prime; align=\u00a0\u00bbcenter\u00a0\u00bb][\/vc_column][vc_column width=\u00a0\u00bb1\/6&Prime;][\/vc_column][\/vc_row][vc_row full_width=\u00a0\u00bbstretch_row\u00a0\u00bb curly_bg_repeat=\u00a0\u00bbbg-no-repeat\u00a0\u00bb curly_bg_position=\u00a0\u00bbbg-pos-center-bottom\u00a0\u00bb curly_padding=\u00a0\u00bbcontent-padding\u00a0\u00bb css=\u00a0\u00bb.vc_custom_1602069049030{background-position: center !important;background-repeat: no-repeat !important;background-size: cover !important;}\u00a0\u00bb][vc_column width=\u00a0\u00bb1\/2&Prime;][vc_column_text]\n<h1 class=\"special-title display-1\">La compagnie de th\u00e9\u00e2tre<\/h1>\n[\/vc_column_text][vc_empty_space height=\u00a0\u00bb\u00a0\u00bb el_class=\u00a0\u00bbxtd-spacer&#8211;md\u00a0\u00bb][vc_column_text]Bubble on Circus est une compagnie innovante qui allie bulles de savon, th\u00e9\u00e2tre, cirque, po\u00e9sie, marionnettes et magie. Son objectif est de faire r\u00eaver et \u00e9mouvoir les gens \u00e0 travers le langage gestuel.<\/p>\n<p>Tous les spectacles de la compagnie sont con\u00e7us pour les th\u00e9\u00e2tres, festivals, \u00e9v\u00e9nements, places, expositions et conviennent \u00e0 tout type de public.<\/p>\n<p>Bubble on Circus a re\u00e7u de nombreux prix internationaux et s&rsquo;appuie sur une longue exp\u00e9rience dans le monde du divertissement, ayant pr\u00e9sent\u00e9 ses productions en Italie, France, Japon, \u00c9mirats Arabes Unis, Argentine, Belgique, Tha\u00eflande, Espagne, Cor\u00e9e du Sud, Tch\u00e9quie, Lituanie, Allemagne, Suisse, Luxembourg, Autriche, Hollande, Hongrie, Portugal, Palestine, Roumanie, Finlande, Saint-Marin, Oman, Pays de Galles, Principaut\u00e9 de Monaco.[\/vc_column_text][\/vc_column][vc_column width=\u00a0\u00bb5\/12&Prime;][vc_single_image image=\u00a0\u00bb1433&Prime; img_size=\u00a0\u00bblarge\u00a0\u00bb style=\u00a0\u00bbxtd-shadow&#8211;large-hard\u00a0\u00bb][\/vc_column][\/vc_row][vc_row][vc_column width=\u00a0\u00bb1\/2&Prime;][vc_single_image image=\u00a0\u00bb1439&Prime; img_size=\u00a0\u00bblarge\u00a0\u00bb style=\u00a0\u00bbxtd-shadow&#8211;large-hard\u00a0\u00bb][\/vc_column][vc_column width=\u00a0\u00bb1\/2&Prime;][vc_column_text]\n<h2>Liste des artistes:<\/h2>\n[\/vc_column_text][vc_empty_space][vc_column_text]<strong>Egle Sciarappa<\/strong>:<br \/>\nClown, dramaturge, artiste de cirque, danseur et professeur de clown.<br \/>\n<strong><br \/>\nMariano Guz<\/strong>:<br \/>\nCom\u00e9dien, artiste de cirque, artiste de bulles, professeur de clown et metteur en sc\u00e8ne.<br \/>\n<strong><br \/>\nAlekos Ottaviucci<\/strong>:<br \/>\nArtiste bulle, com\u00e9dien, sc\u00e9nographe et performeur.<br \/>\n<strong><br \/>\nIlaria Fioretto<\/strong>:<br \/>\nArtiste bulle, maquilleuse, plasticienne et performeuse.[\/vc_column_text][\/vc_column][\/vc_row][vc_row full_width=\u00a0\u00bbstretch_row\u00a0\u00bb content_placement=\u00a0\u00bbmiddle\u00a0\u00bb curly_padding=\u00a0\u00bbcontent-padding-lg\u00a0\u00bb css=\u00a0\u00bb.vc_custom_1570712001815{background-image: url(http:\/\/bubbleoncircus.com\/wp-content\/uploads\/2017\/06\/OsloNationalTheater-11.jpg?id=56) !important;}\u00a0\u00bb][vc_column][vc_column_text]\n<h4 style=\"text-align: center;\">Festivals auxquels nous avons particip\u00e9<\/h4>\n[\/vc_column_text][vc_btn title=\u00a0\u00bbVous d\u00e9couvrez\u00a0\u00bb shape=\u00a0\u00bbsquare\u00a0\u00bb size=\u00a0\u00bblg\u00a0\u00bb align=\u00a0\u00bbcenter\u00a0\u00bb link=\u00a0\u00bburl:https%3A%2F%2Fbubbleoncircus.com%2Ffestival%2F|title:Festival|\u00a0\u00bb][\/vc_column][\/vc_row]\n","protected":false},"excerpt":{"rendered":"<p>[vc_row full_width=\u00a0\u00bbstretch_row\u00a0\u00bb curly_bg_repeat=\u00a0\u00bbbg-no-repeat\u00a0\u00bb curly_bg_position=\u00a0\u00bbbg-pos-center-bottom\u00a0\u00bb curly_padding=\u00a0\u00bbcontent-padding-xs\u00a0\u00bb css=\u00a0\u00bb.vc_custom_1602069172157{background-position: center !important;background-repeat: no-repeat !important;background-size: cover !important;}\u00a0\u00bb][vc_column width=\u00a0\u00bb1\/6&Prime;][\/vc_column][vc_column width=\u00a0\u00bb2\/3&Prime; offset=\u00a0\u00bbvc_hidden-xs\u00a0\u00bb][vc_empty_space height=\u00a0\u00bb50px\u00a0\u00bb][\/vc_column][vc_column width=\u00a0\u00bb1\/6&Prime;][\/vc_column][\/vc_row][vc_row full_width=\u00a0\u00bbstretch_row\u00a0\u00bb curly_bg_repeat=\u00a0\u00bbbg-no-repeat\u00a0\u00bb curly_bg_position=\u00a0\u00bbbg-pos-center-bottom\u00a0\u00bb curly_padding=\u00a0\u00bbcontent-padding-none\u00a0\u00bb css=\u00a0\u00bb.vc_custom_1602069123613{background-position: center !important;background-repeat: no-repeat !important;background-size: cover !important;}\u00a0\u00bb][vc_column width=\u00a0\u00bb1\/6&Prime;][\/vc_column][vc_column width=\u00a0\u00bb2\/3&Prime;][vc_video link=\u00a0\u00bbhttps:\/\/vimeo.com\/465434829&Prime; align=\u00a0\u00bbcenter\u00a0\u00bb][\/vc_column][vc_column width=\u00a0\u00bb1\/6&Prime;][\/vc_column][\/vc_row][vc_row full_width=\u00a0\u00bbstretch_row\u00a0\u00bb curly_bg_repeat=\u00a0\u00bbbg-no-repeat\u00a0\u00bb curly_bg_position=\u00a0\u00bbbg-pos-center-bottom\u00a0\u00bb curly_padding=\u00a0\u00bbcontent-padding\u00a0\u00bb css=\u00a0\u00bb.vc_custom_1602069049030{background-position: center !important;background-repeat: no-repeat !important;background-size: cover !important;}\u00a0\u00bb][vc_column width=\u00a0\u00bb1\/2&Prime;][vc_column_text] La compagnie de th\u00e9\u00e2tre [\/vc_column_text][vc_empty_space height=\u00a0\u00bb\u00a0\u00bb el_class=\u00a0\u00bbxtd-spacer&#8211;md\u00a0\u00bb][vc_column_text]Bubble on Circus est une compagnie innovante qui allie [&hellip;]<\/p>\n","protected":false},"author":1,"featured_media":0,"parent":0,"menu_order":0,"comment_status":"closed","ping_status":"closed","template":"","meta":{"inline_featured_image":false,"footnotes":""},"_links":{"self":[{"href":"https:\/\/bubbleoncircus.com\/fr\/wp-json\/wp\/v2\/pages\/1776"}],"collection":[{"href":"https:\/\/bubbleoncircus.com\/fr\/wp-json\/wp\/v2\/pages"}],"about":[{"href":"https:\/\/bubbleoncircus.com\/fr\/wp-json\/wp\/v2\/types\/page"}],"author":[{"embeddable":true,"href":"https:\/\/bubbleoncircus.com\/fr\/wp-json\/wp\/v2\/users\/1"}],"replies":[{"embeddable":true,"href":"https:\/\/bubbleoncircus.com\/fr\/wp-json\/wp\/v2\/comments?post=1776"}],"version-history":[{"count":5,"href":"https:\/\/bubbleoncircus.com\/fr\/wp-json\/wp\/v2\/pages\/1776\/revisions"}],"predecessor-version":[{"id":1918,"href":"https:\/\/bubbleoncircus.com\/fr\/wp-json\/wp\/v2\/pages\/1776\/revisions\/1918"}],"wp:attachment":[{"href":"https:\/\/bubbleoncircus.com\/fr\/wp-json\/wp\/v2\/media?parent=1776"}],"curies":[{"name":"wp","href":"https:\/\/api.w.org\/{rel}","templated":true}]}}