{"id":1773,"date":"2025-01-19T14:18:26","date_gmt":"2025-01-19T13:18:26","guid":{"rendered":"https:\/\/bubbleoncircus.com\/wonderwalks\/"},"modified":"2025-10-27T22:18:15","modified_gmt":"2025-10-27T21:18:15","slug":"wonderwalks","status":"publish","type":"page","link":"https:\/\/bubbleoncircus.com\/fr\/wonderwalks\/","title":{"rendered":"WonderWalks"},"content":{"rendered":"[vc_row full_width=\u00a0\u00bbstretch_row\u00a0\u00bb curly_bg_repeat=\u00a0\u00bbbg-no-repeat\u00a0\u00bb curly_bg_position=\u00a0\u00bbbg-pos-center-bottom\u00a0\u00bb curly_bg_parallax=\u00a0\u00bbtrue\u00a0\u00bb css=\u00a0\u00bb.vc_custom_1562772234047{padding-top: 12rem !important;background-image: url(http:\/\/bubbleoncircus.com\/wp-content\/uploads\/2017\/06\/lightinthetheater.jpeg-copy.jpg?id=93) !important;background-position: center !important;background-repeat: no-repeat !important;background-size: cover !important;}\u00a0\u00bb][vc_column width=\u00a0\u00bb5\/12&Prime;][vc_column_text]\n<h1 class=\"display-1 special-title\">Wonder<br \/>\nWalks<\/h1>\n<p>Ils sortent de la For\u00eat Profonde pour bouleverser vos perceptions, ils explorent votre monde et se laissent explorer.<\/p>\n<p>Les Wonderwalkers, deux cr\u00e9atures mystiques, soul\u00e8veront des millions de bulles de savon et les feront briller sous vos yeux, laissant une pluie d&rsquo;\u00e9motions suggestives \u00e0 chaque passage.[\/vc_column_text][\/vc_column][vc_column width=\u00a0\u00bb1\/2&Prime; offset=\u00a0\u00bbvc_col-sm-offset-1&Prime;]<div class='xtd-carousel-mini__container  '><div class='xtd-carousel-mini'><div class='owl-carousel' data-autoplay='false' data-timeout='0' data-hover='true' data-loop='true' data-dots='true'>[vc_single_image image=\u00a0\u00bb1605&Prime; img_size=\u00a0\u00bbfull\u00a0\u00bb style=\u00a0\u00bbxtd-shadow&#8211;normal-hard\u00a0\u00bb][vc_single_image image=\u00a0\u00bb1607&Prime; img_size=\u00a0\u00bbfull\u00a0\u00bb style=\u00a0\u00bbxtd-shadow&#8211;normal-hard\u00a0\u00bb css=\u00a0\u00bb.vc_custom_1678210623863{margin-right: 4rem !important;}\u00a0\u00bb][vc_single_image image=\u00a0\u00bb1609&Prime; img_size=\u00a0\u00bbfull\u00a0\u00bb style=\u00a0\u00bbxtd-shadow&#8211;normal-hard\u00a0\u00bb css=\u00a0\u00bb.vc_custom_1678210637261{margin-right: 4rem !important;}\u00a0\u00bb][vc_single_image image=\u00a0\u00bb523&Prime; img_size=\u00a0\u00bbfull\u00a0\u00bb style=\u00a0\u00bbxtd-shadow&#8211;normal-hard\u00a0\u00bb css=\u00a0\u00bb.vc_custom_1568163171853{margin-right: 4rem !important;}\u00a0\u00bb][vc_single_image image=\u00a0\u00bb1615&Prime; img_size=\u00a0\u00bbfull\u00a0\u00bb style=\u00a0\u00bbxtd-shadow&#8211;normal-hard\u00a0\u00bb css=\u00a0\u00bb.vc_custom_1678210667047{margin-right: 4rem !important;}\u00a0\u00bb][vc_single_image image=\u00a0\u00bb525&Prime; img_size=\u00a0\u00bbfull\u00a0\u00bb style=\u00a0\u00bbxtd-shadow&#8211;normal-hard\u00a0\u00bb css=\u00a0\u00bb.vc_custom_1568163188795{margin-right: 4rem !important;}\u00a0\u00bb][vc_single_image image=\u00a0\u00bb1613&Prime; img_size=\u00a0\u00bbfull\u00a0\u00bb style=\u00a0\u00bbxtd-shadow&#8211;normal-hard\u00a0\u00bb css=\u00a0\u00bb.vc_custom_1678210682950{margin-right: 4rem !important;}\u00a0\u00bb][vc_single_image image=\u00a0\u00bb1603&Prime; img_size=\u00a0\u00bbfull\u00a0\u00bb style=\u00a0\u00bbxtd-shadow&#8211;normal-hard\u00a0\u00bb css=\u00a0\u00bb.vc_custom_1678210707798{margin-right: 4rem !important;}\u00a0\u00bb][vc_single_image image=\u00a0\u00bb1617&Prime; img_size=\u00a0\u00bbfull\u00a0\u00bb style=\u00a0\u00bbxtd-shadow&#8211;normal-hard\u00a0\u00bb css=\u00a0\u00bb.vc_custom_1678210732703{margin-right: 4rem !important;}\u00a0\u00bb][vc_single_image image=\u00a0\u00bb1611&Prime; img_size=\u00a0\u00bbfull\u00a0\u00bb style=\u00a0\u00bbxtd-shadow&#8211;normal-hard\u00a0\u00bb css=\u00a0\u00bb.vc_custom_1678210770709{margin-right: 4rem !important;}\u00a0\u00bb]<\/div><\/div><\/div>[\/vc_column][vc_column][vc_separator color=\u00a0\u00bbcustom\u00a0\u00bb accent_color=\u00a0\u00bbrgba(255,255,255,0.13)\u00a0\u00bb][\/vc_column][vc_column width=\u00a0\u00bb1\/3&Prime;][vc_single_image image=\u00a0\u00bb1985&Prime; img_size=\u00a0\u00bbfull\u00a0\u00bb alignment=\u00a0\u00bbcenter\u00a0\u00bb][\/vc_column][vc_column width=\u00a0\u00bb1\/3&Prime;][vc_column_text]\n<h4>Pubblique<\/h4>\n<p>D\u00e9fil\u00e9 itin\u00e9rant sans paroles pour tous types de publics, sans limite d&rsquo;\u00e2ge. Convient \u00e0 toute la famille ![\/vc_column_text][vc_column_text]\n<h4>Tourn\u00e9e<\/h4>\n<p>Le spectacle a \u00e9t\u00e9 pr\u00e9sent\u00e9 en :<br \/>\nItalie, Chine, Allemagne, Jordanie, Belgique, Hongrie, France, Danemark, Chypre et Suisse.[\/vc_column_text][\/vc_column][vc_column width=\u00a0\u00bb1\/3&Prime;][vc_column_text]\n<h4>Dur\u00e9e<\/h4>\n<p>L&rsquo;itin\u00e9raire et la dur\u00e9e sont \u00e0 convenir en fonction des besoins.[\/vc_column_text][vc_column_text]\n<h4>Lieux<\/h4>\n<p>Spectacle de d\u00e9ambulation avec bulles de savon, con\u00e7u pour se d\u00e9rouler en plein air.[\/vc_column_text][vc_column_text]\n<h4>SOCIAL MEDIA<\/h4>\n<h4><a href=\"https:\/\/www.instagram.com\/_wonderwalks_\/\" target=\"_blank\" rel=\"noopener noreferrer\"><img loading=\"lazy\" decoding=\"async\" class=\"alignnone wp-image-1466\" src=\"https:\/\/bubbleoncircus.com\/wp-content\/uploads\/2022\/01\/instagram-logo-png-300x300.png\" alt=\"\" width=\"60\" height=\"60\" srcset=\"https:\/\/bubbleoncircus.com\/wp-content\/uploads\/2022\/01\/instagram-logo-png-300x300.png 300w, https:\/\/bubbleoncircus.com\/wp-content\/uploads\/2022\/01\/instagram-logo-png-150x150.png 150w, https:\/\/bubbleoncircus.com\/wp-content\/uploads\/2022\/01\/instagram-logo-png-768x768.png 768w, https:\/\/bubbleoncircus.com\/wp-content\/uploads\/2022\/01\/instagram-logo-png-1024x1024.png 1024w, https:\/\/bubbleoncircus.com\/wp-content\/uploads\/2022\/01\/instagram-logo-png.png 1032w\" sizes=\"(max-width: 60px) 100vw, 60px\" \/><\/a><a href=\"https:\/\/www.facebook.com\/wonderwalks1\" target=\"_blank\" rel=\"noopener noreferrer\"><img loading=\"lazy\" decoding=\"async\" class=\"alignnone wp-image-1468\" src=\"https:\/\/bubbleoncircus.com\/wp-content\/uploads\/2022\/01\/fb-logo-png-1-300x298.png\" alt=\"\" width=\"40\" height=\"40\" srcset=\"https:\/\/bubbleoncircus.com\/wp-content\/uploads\/2022\/01\/fb-logo-png-1-300x300.png 300w, https:\/\/bubbleoncircus.com\/wp-content\/uploads\/2022\/01\/fb-logo-png-1-150x150.png 150w, https:\/\/bubbleoncircus.com\/wp-content\/uploads\/2022\/01\/fb-logo-png-1.png 724w\" sizes=\"(max-width: 40px) 100vw, 40px\" \/><\/a><\/h4>\n[\/vc_column_text][\/vc_column][\/vc_row][vc_row][vc_column][vc_empty_space][vc_single_image image=\u00a0\u00bb726&Prime; img_size=\u00a0\u00bbfull\u00a0\u00bb style=\u00a0\u00bbxtd-shadow&#8211;normal-hard\u00a0\u00bb onclick=\u00a0\u00bbvideo_link\u00a0\u00bb css_animation=\u00a0\u00bbfadeIn\u00a0\u00bb link=\u00a0\u00bbhttps:\/\/vimeo.com\/683825868&Prime;][\/vc_column][\/vc_row]\n","protected":false},"excerpt":{"rendered":"<p>[vc_row full_width=\u00a0\u00bbstretch_row\u00a0\u00bb curly_bg_repeat=\u00a0\u00bbbg-no-repeat\u00a0\u00bb curly_bg_position=\u00a0\u00bbbg-pos-center-bottom\u00a0\u00bb curly_bg_parallax=\u00a0\u00bbtrue\u00a0\u00bb css=\u00a0\u00bb.vc_custom_1562772234047{padding-top: 12rem !important;background-image: url(http:\/\/bubbleoncircus.com\/wp-content\/uploads\/2017\/06\/lightinthetheater.jpeg-copy.jpg?id=93) !important;background-position: center !important;background-repeat: no-repeat !important;background-size: cover !important;}\u00a0\u00bb][vc_column width=\u00a0\u00bb5\/12&Prime;][vc_column_text] Wonder Walks Ils sortent de la For\u00eat Profonde pour bouleverser vos perceptions, ils explorent votre monde et se laissent explorer. Les Wonderwalkers, deux cr\u00e9atures mystiques, soul\u00e8veront des millions de bulles de savon et les feront briller sous vos yeux, laissant une pluie d&rsquo;\u00e9motions [&hellip;]<\/p>\n","protected":false},"author":1,"featured_media":0,"parent":0,"menu_order":0,"comment_status":"closed","ping_status":"closed","template":"","meta":{"inline_featured_image":false,"footnotes":""},"_links":{"self":[{"href":"https:\/\/bubbleoncircus.com\/fr\/wp-json\/wp\/v2\/pages\/1773"}],"collection":[{"href":"https:\/\/bubbleoncircus.com\/fr\/wp-json\/wp\/v2\/pages"}],"about":[{"href":"https:\/\/bubbleoncircus.com\/fr\/wp-json\/wp\/v2\/types\/page"}],"author":[{"embeddable":true,"href":"https:\/\/bubbleoncircus.com\/fr\/wp-json\/wp\/v2\/users\/1"}],"replies":[{"embeddable":true,"href":"https:\/\/bubbleoncircus.com\/fr\/wp-json\/wp\/v2\/comments?post=1773"}],"version-history":[{"count":5,"href":"https:\/\/bubbleoncircus.com\/fr\/wp-json\/wp\/v2\/pages\/1773\/revisions"}],"predecessor-version":[{"id":1993,"href":"https:\/\/bubbleoncircus.com\/fr\/wp-json\/wp\/v2\/pages\/1773\/revisions\/1993"}],"wp:attachment":[{"href":"https:\/\/bubbleoncircus.com\/fr\/wp-json\/wp\/v2\/media?parent=1773"}],"curies":[{"name":"wp","href":"https:\/\/api.w.org\/{rel}","templated":true}]}}