{"id":1770,"date":"2025-01-19T14:17:39","date_gmt":"2025-01-19T13:17:39","guid":{"rendered":"https:\/\/bubbleoncircus.com\/le-reveur-de-bulles\/"},"modified":"2025-01-20T22:28:19","modified_gmt":"2025-01-20T21:28:19","slug":"le-reveur-de-bulles","status":"publish","type":"page","link":"https:\/\/bubbleoncircus.com\/fr\/le-reveur-de-bulles\/","title":{"rendered":"Le R\u00eaveur de Bulles"},"content":{"rendered":"[vc_row full_width=\u00a0\u00bbstretch_row\u00a0\u00bb curly_bg_repeat=\u00a0\u00bbbg-no-repeat\u00a0\u00bb curly_bg_position=\u00a0\u00bbbg-pos-center-bottom\u00a0\u00bb curly_bg_parallax=\u00a0\u00bbtrue\u00a0\u00bb css=\u00a0\u00bb.vc_custom_1562772234047{padding-top: 12rem !important;background-image: url(http:\/\/bubbleoncircus.com\/wp-content\/uploads\/2017\/06\/lightinthetheater.jpeg-copy.jpg?id=93) !important;background-position: center !important;background-repeat: no-repeat !important;background-size: cover !important;}\u00a0\u00bb][vc_column width=\u00a0\u00bb5\/12&Prime;][vc_column_text]\n<h1 class=\"display-1 special-title\">Le r\u00eaveur de bulles<\/h1>\n<p>Un r\u00eaveur excentrique saura transporter petits et grands dans son monde color\u00e9 gr\u00e2ce \u00e0 la simplicit\u00e9 magique des bulles de savon.<\/p>\n<p>Son habilet\u00e9 s&rsquo;affrontera avec son imagination irr\u00e9pressible pour cr\u00e9er des bulles g\u00e9antes, des bulles de fum\u00e9e, des bulles de feu, et plus de 1000 bulles pour vous faire profiter avec bonheur de ce surprenant spectacle comique : une beaut\u00e9 \u00e9ph\u00e9m\u00e8re qui restera longtemps grav\u00e9e dans vos m\u00e9moires. .<\/p>\n[\/vc_column_text][\/vc_column][vc_column width=\u00a0\u00bb1\/2&Prime; offset=\u00a0\u00bbvc_col-sm-offset-1&Prime;]<div class='xtd-carousel-mini__container  '><div class='xtd-carousel-mini'><div class='owl-carousel' data-autoplay='false' data-timeout='0' data-hover='true' data-loop='true' data-dots='true'>[vc_single_image image=\u00a0\u00bb1855&Prime; img_size=\u00a0\u00bbfull\u00a0\u00bb style=\u00a0\u00bbxtd-shadow&#8211;normal-hard\u00a0\u00bb][vc_single_image image=\u00a0\u00bb1876&Prime; img_size=\u00a0\u00bbfull\u00a0\u00bb style=\u00a0\u00bbxtd-shadow&#8211;normal-hard\u00a0\u00bb][vc_single_image image=\u00a0\u00bb1885&Prime; img_size=\u00a0\u00bbfull\u00a0\u00bb style=\u00a0\u00bbxtd-shadow&#8211;normal-hard\u00a0\u00bb][vc_single_image image=\u00a0\u00bb1864&Prime; img_size=\u00a0\u00bbfull\u00a0\u00bb style=\u00a0\u00bbxtd-shadow&#8211;normal-hard\u00a0\u00bb][vc_single_image image=\u00a0\u00bb1873&Prime; img_size=\u00a0\u00bbfull\u00a0\u00bb style=\u00a0\u00bbxtd-shadow&#8211;normal-hard\u00a0\u00bb][vc_single_image image=\u00a0\u00bb1897&Prime; img_size=\u00a0\u00bbfull\u00a0\u00bb style=\u00a0\u00bbxtd-shadow&#8211;normal-hard\u00a0\u00bb][vc_single_image image=\u00a0\u00bb1861&Prime; img_size=\u00a0\u00bbfull\u00a0\u00bb style=\u00a0\u00bbxtd-shadow&#8211;normal-hard\u00a0\u00bb][vc_single_image image=\u00a0\u00bb1879&Prime; img_size=\u00a0\u00bbfull\u00a0\u00bb style=\u00a0\u00bbxtd-shadow&#8211;normal-hard\u00a0\u00bb][vc_single_image image=\u00a0\u00bb1870&Prime; img_size=\u00a0\u00bbfull\u00a0\u00bb style=\u00a0\u00bbxtd-shadow&#8211;normal-hard\u00a0\u00bb][vc_single_image image=\u00a0\u00bb1858&Prime; img_size=\u00a0\u00bbfull\u00a0\u00bb style=\u00a0\u00bbxtd-shadow&#8211;normal-hard\u00a0\u00bb][vc_single_image image=\u00a0\u00bb1894&Prime; img_size=\u00a0\u00bbfull\u00a0\u00bb style=\u00a0\u00bbxtd-shadow&#8211;normal-hard\u00a0\u00bb][vc_single_image image=\u00a0\u00bb1882&Prime; img_size=\u00a0\u00bbfull\u00a0\u00bb style=\u00a0\u00bbxtd-shadow&#8211;normal-hard\u00a0\u00bb][vc_single_image image=\u00a0\u00bb1900&Prime; img_size=\u00a0\u00bbfull\u00a0\u00bb style=\u00a0\u00bbxtd-shadow&#8211;normal-hard\u00a0\u00bb][vc_single_image image=\u00a0\u00bb1867&Prime; img_size=\u00a0\u00bbfull\u00a0\u00bb style=\u00a0\u00bbxtd-shadow&#8211;normal-hard\u00a0\u00bb][vc_single_image image=\u00a0\u00bb1891&Prime; img_size=\u00a0\u00bbfull\u00a0\u00bb style=\u00a0\u00bbxtd-shadow&#8211;normal-hard\u00a0\u00bb][vc_single_image image=\u00a0\u00bb1888&Prime; img_size=\u00a0\u00bbfull\u00a0\u00bb style=\u00a0\u00bbxtd-shadow&#8211;normal-hard\u00a0\u00bb]<\/div><\/div><\/div>[\/vc_column][vc_column][vc_separator color=\u00a0\u00bbcustom\u00a0\u00bb accent_color=\u00a0\u00bbrgba(255,255,255,0.13)\u00a0\u00bb][\/vc_column][vc_column width=\u00a0\u00bb1\/3&Prime;][vc_column_text]\n<h2>Le Spectacle<\/h2>\n<h4><\/h4>\n[\/vc_column_text][vc_row_inner][vc_column_inner][vc_single_image image=\u00a0\u00bb385&Prime; img_size=\u00a0\u00bbmedium\u00a0\u00bb][\/vc_column_inner][\/vc_row_inner][\/vc_column][vc_column width=\u00a0\u00bb1\/3&Prime;][vc_column_text]\n<h4>Pubblique<\/h4>\n<p>Spectacle sans voix pour tout type de public, sans limite d&rsquo;\u00e2ge. Convient \u00e0 toute la famille ![\/vc_column_text][vc_column_text]\n<h4>Tourn\u00e9e<\/h4>\n<p>Le spectacle a \u00e9t\u00e9 pr\u00e9sent\u00e9 en France, Espagne, Italie, Allemagne, Suisse, Belgique, Portugal et Tha\u00eflande.[\/vc_column_text][vc_separator][\/vc_column][vc_column width=\u00a0\u00bb1\/3&Prime;][vc_column_text]\n<h4>Dur\u00e9e<\/h4>\n<p>30 minutes de bulles de savon g\u00e9antes, de r\u00eaves et de po\u00e9sie.[\/vc_column_text][vc_column_text]\n<h4>Lieux<\/h4>\n<p>Elle peut \u00eatre r\u00e9alis\u00e9e aussi bien en ext\u00e9rieur qu\u2019en int\u00e9rieur.[\/vc_column_text][\/vc_column][\/vc_row][vc_row][vc_column][vc_empty_space][vc_single_image image=\u00a0\u00bb728&Prime; img_size=\u00a0\u00bbfull\u00a0\u00bb style=\u00a0\u00bbxtd-shadow&#8211;normal-hard\u00a0\u00bb onclick=\u00a0\u00bbvideo_link\u00a0\u00bb css_animation=\u00a0\u00bbfadeIn\u00a0\u00bb link=\u00a0\u00bbhttps:\/\/vimeo.com\/251517802&Prime;][\/vc_column][\/vc_row]\n","protected":false},"excerpt":{"rendered":"<p>[vc_row full_width=\u00a0\u00bbstretch_row\u00a0\u00bb curly_bg_repeat=\u00a0\u00bbbg-no-repeat\u00a0\u00bb curly_bg_position=\u00a0\u00bbbg-pos-center-bottom\u00a0\u00bb curly_bg_parallax=\u00a0\u00bbtrue\u00a0\u00bb css=\u00a0\u00bb.vc_custom_1562772234047{padding-top: 12rem !important;background-image: url(http:\/\/bubbleoncircus.com\/wp-content\/uploads\/2017\/06\/lightinthetheater.jpeg-copy.jpg?id=93) !important;background-position: center !important;background-repeat: no-repeat !important;background-size: cover !important;}\u00a0\u00bb][vc_column width=\u00a0\u00bb5\/12&Prime;][vc_column_text] Le r\u00eaveur de bulles Un r\u00eaveur excentrique saura transporter petits et grands dans son monde color\u00e9 gr\u00e2ce \u00e0 la simplicit\u00e9 magique des bulles de savon. Son habilet\u00e9 s&rsquo;affrontera avec son imagination irr\u00e9pressible pour cr\u00e9er des bulles g\u00e9antes, des bulles de fum\u00e9e, des bulles [&hellip;]<\/p>\n","protected":false},"author":1,"featured_media":0,"parent":0,"menu_order":0,"comment_status":"closed","ping_status":"closed","template":"","meta":{"inline_featured_image":false,"footnotes":""},"_links":{"self":[{"href":"https:\/\/bubbleoncircus.com\/fr\/wp-json\/wp\/v2\/pages\/1770"}],"collection":[{"href":"https:\/\/bubbleoncircus.com\/fr\/wp-json\/wp\/v2\/pages"}],"about":[{"href":"https:\/\/bubbleoncircus.com\/fr\/wp-json\/wp\/v2\/types\/page"}],"author":[{"embeddable":true,"href":"https:\/\/bubbleoncircus.com\/fr\/wp-json\/wp\/v2\/users\/1"}],"replies":[{"embeddable":true,"href":"https:\/\/bubbleoncircus.com\/fr\/wp-json\/wp\/v2\/comments?post=1770"}],"version-history":[{"count":4,"href":"https:\/\/bubbleoncircus.com\/fr\/wp-json\/wp\/v2\/pages\/1770\/revisions"}],"predecessor-version":[{"id":1908,"href":"https:\/\/bubbleoncircus.com\/fr\/wp-json\/wp\/v2\/pages\/1770\/revisions\/1908"}],"wp:attachment":[{"href":"https:\/\/bubbleoncircus.com\/fr\/wp-json\/wp\/v2\/media?parent=1770"}],"curies":[{"name":"wp","href":"https:\/\/api.w.org\/{rel}","templated":true}]}}