{"id":1762,"date":"2025-01-19T14:09:43","date_gmt":"2025-01-19T13:09:43","guid":{"rendered":"https:\/\/bubbleoncircus.com\/lhomme-dans-la-bulle\/"},"modified":"2025-01-25T01:27:30","modified_gmt":"2025-01-25T00:27:30","slug":"lhomme-dans-la-bulle","status":"publish","type":"page","link":"https:\/\/bubbleoncircus.com\/fr\/lhomme-dans-la-bulle\/","title":{"rendered":"L&rsquo;homme dans la Bulle"},"content":{"rendered":"[vc_row full_width=\u00a0\u00bbstretch_row\u00a0\u00bb curly_bg_repeat=\u00a0\u00bbbg-no-repeat\u00a0\u00bb curly_bg_position=\u00a0\u00bbbg-pos-center-bottom\u00a0\u00bb curly_bg_parallax=\u00a0\u00bbtrue\u00a0\u00bb css=\u00a0\u00bb.vc_custom_1562772234047{padding-top: 12rem !important;background-image: url(http:\/\/bubbleoncircus.com\/wp-content\/uploads\/2017\/06\/lightinthetheater.jpeg-copy.jpg?id=93) !important;background-position: center !important;background-repeat: no-repeat !important;background-size: cover !important;}\u00a0\u00bb][vc_column width=\u00a0\u00bb5\/12&Prime;][vc_column_text]\n<h1 class=\"display-1 special-title\">L&rsquo;homme dans la Bulle<\/h1>\n<p>est un spectacle unique qui allie la magie des bulles de savon \u00e0 l&rsquo;art du clown, cr\u00e9ant un voyage po\u00e9tique qui enchantera les spectateurs de tous \u00e2ges. A travers une s\u00e9rie de sc\u00e8nes pleines de fantaisie et d&rsquo;humour, le public est plong\u00e9 dans un monde de bulles g\u00e9antes, de reflets et de couleurs, o\u00f9 tout est possible. L&rsquo;interaction constante avec le public fait de chaque spectacle une exp\u00e9rience unique, o\u00f9 petits et grands se laissent emporter par l&rsquo;\u00e9merveillement et le rire. Venez d\u00e9couvrir l&rsquo;univers enchanteur de \u00ab\u00a0Man In Bubble\u00a0\u00bb, o\u00f9 po\u00e9sie visuelle et plaisir se m\u00ealent en parfaite harmonie.<\/p>\n<p>L&rsquo;artiste Mariano Guz d\u00e9tient deux records du monde Guinness depuis 2018.[\/vc_column_text][\/vc_column][vc_column width=\u00a0\u00bb1\/2&Prime; offset=\u00a0\u00bbvc_col-sm-offset-1&Prime;]<div class='xtd-carousel-mini__container  '><div class='xtd-carousel-mini'><div class='owl-carousel' data-autoplay='false' data-timeout='0' data-hover='true' data-loop='true' data-dots='true'>[vc_single_image image=\u00a0\u00bb1727&Prime; img_size=\u00a0\u00bbfull\u00a0\u00bb style=\u00a0\u00bbxtd-shadow&#8211;normal-hard\u00a0\u00bb css=\u00a0\u00bb.vc_custom_1737220552995{margin-right: 4rem !important;}\u00a0\u00bb][vc_single_image image=\u00a0\u00bb1731&Prime; img_size=\u00a0\u00bbfull\u00a0\u00bb style=\u00a0\u00bbxtd-shadow&#8211;normal-hard\u00a0\u00bb css=\u00a0\u00bb.vc_custom_1737220600851{margin-right: 4rem !important;}\u00a0\u00bb][vc_single_image image=\u00a0\u00bb1735&Prime; img_size=\u00a0\u00bbfull\u00a0\u00bb style=\u00a0\u00bbxtd-shadow&#8211;normal-hard\u00a0\u00bb css=\u00a0\u00bb.vc_custom_1737220637408{margin-right: 4rem !important;}\u00a0\u00bb][vc_single_image image=\u00a0\u00bb1729&Prime; img_size=\u00a0\u00bbfull\u00a0\u00bb style=\u00a0\u00bbxtd-shadow&#8211;normal-hard\u00a0\u00bb css=\u00a0\u00bb.vc_custom_1737221564464{margin-right: 4rem !important;}\u00a0\u00bb][vc_single_image image=\u00a0\u00bb1737&Prime; img_size=\u00a0\u00bbfull\u00a0\u00bb style=\u00a0\u00bbxtd-shadow&#8211;normal-hard\u00a0\u00bb css=\u00a0\u00bb.vc_custom_1737220661538{margin-right: 4rem !important;}\u00a0\u00bb][vc_single_image image=\u00a0\u00bb1741&Prime; img_size=\u00a0\u00bbfull\u00a0\u00bb style=\u00a0\u00bbxtd-shadow&#8211;normal-hard\u00a0\u00bb css=\u00a0\u00bb.vc_custom_1737220720952{margin-right: 4rem !important;}\u00a0\u00bb][vc_single_image image=\u00a0\u00bb542&Prime; img_size=\u00a0\u00bbfull\u00a0\u00bb style=\u00a0\u00bbxtd-shadow&#8211;normal-hard\u00a0\u00bb css=\u00a0\u00bb.vc_custom_1568166249394{margin-right: 4rem !important;}\u00a0\u00bb][vc_single_image image=\u00a0\u00bb1739&Prime; img_size=\u00a0\u00bbfull\u00a0\u00bb style=\u00a0\u00bbxtd-shadow&#8211;normal-hard\u00a0\u00bb css=\u00a0\u00bb.vc_custom_1737220742521{margin-right: 4rem !important;}\u00a0\u00bb][vc_single_image image=\u00a0\u00bb1743&Prime; img_size=\u00a0\u00bbfull\u00a0\u00bb style=\u00a0\u00bbxtd-shadow&#8211;normal-hard\u00a0\u00bb css=\u00a0\u00bb.vc_custom_1737221018570{margin-right: 4rem !important;}\u00a0\u00bb][vc_single_image image=\u00a0\u00bb539&Prime; img_size=\u00a0\u00bbfull\u00a0\u00bb style=\u00a0\u00bbxtd-shadow&#8211;normal-hard\u00a0\u00bb css=\u00a0\u00bb.vc_custom_1568166264012{margin-right: 4rem !important;}\u00a0\u00bb][vc_single_image image=\u00a0\u00bb538&Prime; img_size=\u00a0\u00bbfull\u00a0\u00bb style=\u00a0\u00bbxtd-shadow&#8211;normal-hard\u00a0\u00bb][vc_single_image image=\u00a0\u00bb735&Prime; img_size=\u00a0\u00bbfull\u00a0\u00bb style=\u00a0\u00bbxtd-shadow&#8211;normal-hard\u00a0\u00bb css=\u00a0\u00bb.vc_custom_1570480729980{margin-right: 4rem !important;}\u00a0\u00bb][vc_single_image image=\u00a0\u00bb544&Prime; img_size=\u00a0\u00bbfull\u00a0\u00bb style=\u00a0\u00bbxtd-shadow&#8211;normal-hard\u00a0\u00bb css=\u00a0\u00bb.vc_custom_1568166306680{margin-right: 4rem !important;}\u00a0\u00bb][vc_single_image image=\u00a0\u00bb719&Prime; img_size=\u00a0\u00bbfull\u00a0\u00bb style=\u00a0\u00bbxtd-shadow&#8211;normal-hard\u00a0\u00bb css=\u00a0\u00bb.vc_custom_1570465775567{margin-right: 4rem !important;}\u00a0\u00bb][vc_single_image image=\u00a0\u00bb718&Prime; img_size=\u00a0\u00bbfull\u00a0\u00bb style=\u00a0\u00bbxtd-shadow&#8211;normal-hard\u00a0\u00bb css=\u00a0\u00bb.vc_custom_1570465598537{margin-right: 4rem !important;}\u00a0\u00bb][vc_single_image image=\u00a0\u00bb721&Prime; img_size=\u00a0\u00bbfull\u00a0\u00bb style=\u00a0\u00bbxtd-shadow&#8211;normal-hard\u00a0\u00bb css=\u00a0\u00bb.vc_custom_1570466063020{margin-right: 4rem !important;}\u00a0\u00bb][vc_single_image image=\u00a0\u00bb657&Prime; img_size=\u00a0\u00bbfull\u00a0\u00bb style=\u00a0\u00bbxtd-shadow&#8211;normal-hard\u00a0\u00bb css=\u00a0\u00bb.vc_custom_1569935708560{margin-right: 4rem !important;}\u00a0\u00bb][vc_single_image image=\u00a0\u00bb537&Prime; img_size=\u00a0\u00bbfull\u00a0\u00bb style=\u00a0\u00bbxtd-shadow&#8211;normal-hard\u00a0\u00bb css=\u00a0\u00bb.vc_custom_1568166211145{margin-right: 4rem !important;}\u00a0\u00bb]<\/div><\/div><\/div>[\/vc_column][vc_column][vc_separator color=\u00a0\u00bbcustom\u00a0\u00bb accent_color=\u00a0\u00bbrgba(255,255,255,0.13)\u00a0\u00bb][\/vc_column][vc_column width=\u00a0\u00bb1\/3&Prime;][vc_column_text]\n<h2 style=\"text-align: center;\">Le Spectacle<\/h2>\n<h4 style=\"text-align: center;\"><\/h4>\n[\/vc_column_text][vc_row_inner][vc_column_inner width=\u00a0\u00bb1\/2&Prime;][vc_single_image image=\u00a0\u00bb386&Prime; img_size=\u00a0\u00bbmedium\u00a0\u00bb][\/vc_column_inner][vc_column_inner width=\u00a0\u00bb1\/2&Prime;][vc_single_image image=\u00a0\u00bb385&Prime; img_size=\u00a0\u00bbmedium\u00a0\u00bb][\/vc_column_inner][\/vc_row_inner][\/vc_column][vc_column width=\u00a0\u00bb1\/3&Prime;][vc_column_text]\n<h4>Public<\/h4>\n<p>Spectacle pour tout publics, sans limite d&rsquo;\u00e2ge[\/vc_column_text][vc_column_text]\n<h4>Genre de spectacle<\/h4>\n<p>Des bulles de savon g\u00e9antes, des clowns, du th\u00e9\u00e2tre physique et beaucoup de po\u00e9sie visuelle.[\/vc_column_text][vc_column_text]\n<h4>Id\u00e9al pour<\/h4>\n<p>Festivals, \u00e9v\u00e9nements, th\u00e9\u00e2tre, places, cirque, cabaret et f\u00eates[\/vc_column_text][vc_empty_space][vc_separator][vc_row_inner][vc_column_inner][\/vc_column_inner][\/vc_row_inner][\/vc_column][vc_column width=\u00a0\u00bb1\/3&Prime;][vc_column_text]\n<h4>Dur\u00e9e<\/h4>\n<p>De 20 minutes \u00e0 50 minutes selon les besoins[\/vc_column_text][vc_column_text]\n<h4>Emplacement<\/h4>\n<p>Aussi bien en int\u00e9rieur qu\u2019en ext\u00e9rieur, sur sc\u00e8ne et dans la rue.[\/vc_column_text][vc_column_text]\n<h4>Espace sc\u00e9nique<\/h4>\n<p>8M de largeur,7M de profondeur,<br \/>\n4M de hauteur[\/vc_column_text][vc_empty_space][\/vc_column][\/vc_row][vc_row][vc_column][vc_empty_space][vc_single_image image=\u00a0\u00bb733&Prime; img_size=\u00a0\u00bbfull\u00a0\u00bb style=\u00a0\u00bbxtd-shadow&#8211;normal-hard\u00a0\u00bb onclick=\u00a0\u00bbvideo_link\u00a0\u00bb css_animation=\u00a0\u00bbfadeIn\u00a0\u00bb link=\u00a0\u00bbhttps:\/\/vimeo.com\/907555250&Prime;][\/vc_column][\/vc_row]\n","protected":false},"excerpt":{"rendered":"<p>[vc_row full_width=\u00a0\u00bbstretch_row\u00a0\u00bb curly_bg_repeat=\u00a0\u00bbbg-no-repeat\u00a0\u00bb curly_bg_position=\u00a0\u00bbbg-pos-center-bottom\u00a0\u00bb curly_bg_parallax=\u00a0\u00bbtrue\u00a0\u00bb css=\u00a0\u00bb.vc_custom_1562772234047{padding-top: 12rem !important;background-image: url(http:\/\/bubbleoncircus.com\/wp-content\/uploads\/2017\/06\/lightinthetheater.jpeg-copy.jpg?id=93) !important;background-position: center !important;background-repeat: no-repeat !important;background-size: cover !important;}\u00a0\u00bb][vc_column width=\u00a0\u00bb5\/12&Prime;][vc_column_text] L&rsquo;homme dans la Bulle est un spectacle unique qui allie la magie des bulles de savon \u00e0 l&rsquo;art du clown, cr\u00e9ant un voyage po\u00e9tique qui enchantera les spectateurs de tous \u00e2ges. A travers une s\u00e9rie de sc\u00e8nes pleines de fantaisie et d&rsquo;humour, le [&hellip;]<\/p>\n","protected":false},"author":1,"featured_media":0,"parent":0,"menu_order":0,"comment_status":"closed","ping_status":"closed","template":"","meta":{"inline_featured_image":false,"footnotes":""},"_links":{"self":[{"href":"https:\/\/bubbleoncircus.com\/fr\/wp-json\/wp\/v2\/pages\/1762"}],"collection":[{"href":"https:\/\/bubbleoncircus.com\/fr\/wp-json\/wp\/v2\/pages"}],"about":[{"href":"https:\/\/bubbleoncircus.com\/fr\/wp-json\/wp\/v2\/types\/page"}],"author":[{"embeddable":true,"href":"https:\/\/bubbleoncircus.com\/fr\/wp-json\/wp\/v2\/users\/1"}],"replies":[{"embeddable":true,"href":"https:\/\/bubbleoncircus.com\/fr\/wp-json\/wp\/v2\/comments?post=1762"}],"version-history":[{"count":4,"href":"https:\/\/bubbleoncircus.com\/fr\/wp-json\/wp\/v2\/pages\/1762\/revisions"}],"predecessor-version":[{"id":1803,"href":"https:\/\/bubbleoncircus.com\/fr\/wp-json\/wp\/v2\/pages\/1762\/revisions\/1803"}],"wp:attachment":[{"href":"https:\/\/bubbleoncircus.com\/fr\/wp-json\/wp\/v2\/media?parent=1762"}],"curies":[{"name":"wp","href":"https:\/\/api.w.org\/{rel}","templated":true}]}}